{"id":120,"date":"2025-05-16T17:34:16","date_gmt":"2025-05-16T15:34:16","guid":{"rendered":"https:\/\/boldcutcrew.com\/?page_id=120"},"modified":"2025-06-08T21:50:26","modified_gmt":"2025-06-08T19:50:26","slug":"proces","status":"publish","type":"page","link":"https:\/\/boldcutcrew.com\/index.php\/pl\/proces\/","title":{"rendered":"PROCES"},"content":{"rendered":"\t\t<div data-elementor-type=\"wp-page\" data-elementor-id=\"120\" class=\"elementor elementor-120\">\n\t\t\t\t<div class=\"elementor-element elementor-element-9a23db1 e-flex e-con-boxed e-con e-parent\" data-id=\"9a23db1\" data-element_type=\"container\">\n\t\t\t\t\t<div class=\"e-con-inner\">\n\t\t<div class=\"elementor-element elementor-element-62bc19f e-con-full e-flex e-con e-child\" data-id=\"62bc19f\" data-element_type=\"container\">\n\t\t<div class=\"elementor-element elementor-element-901b81e e-con-full e-flex e-con e-child\" data-id=\"901b81e\" data-element_type=\"container\">\n\t\t<div class=\"elementor-element elementor-element-7ac56f1 e-con-full e-flex e-con e-child\" data-id=\"7ac56f1\" data-element_type=\"container\">\n\t\t\t\t<div class=\"elementor-element elementor-element-883d12c elementor-widget__width-initial elementor-widget elementor-widget-heading\" data-id=\"883d12c\" data-element_type=\"widget\" data-widget_type=\"heading.default\">\n\t\t\t\t<div class=\"elementor-widget-container\">\n\t\t\t\t\t<h3 class=\"elementor-heading-title elementor-size-default\">Bold to nie styl. To spos\u00f3b dzia\u0142ania.<\/h3>\t\t\t\t<\/div>\n\t\t\t\t<\/div>\n\t\t\t\t<div class=\"elementor-element elementor-element-635d832 elementor-widget elementor-widget-text-editor\" data-id=\"635d832\" data-element_type=\"widget\" data-widget_type=\"text-editor.default\">\n\t\t\t\t<div class=\"elementor-widget-container\">\n\t\t\t\t\t\t\t\t\t<p align=\"left\"><span style=\"color: #000000;\">Re\u017cyserujemy. Kr\u0119cimy. Montujemy.<\/span><br \/><span style=\"color: #000000;\">Od surowego pomys\u0142u do gotowego efektu \u2014 ogarniamy ca\u0142y proces albo wskakujemy tam, gdzie trzeba.<\/span><br \/><span style=\"color: #000000;\">Tak to u nas wygl\u0105da:<\/span><\/p><h4 align=\"left\"><span style=\"color: #000000;\"><strong>Sharp Ideas<\/strong><\/span><\/h4><p align=\"left\"><span style=\"color: #000000;\">Wszystko zaczyna si\u0119 od iskry \u2014<\/span><br \/><span style=\"color: #000000;\">chaotycznej my\u015bli, przeczucia, b\u0142ysku, kt\u00f3rego nie da si\u0119 zignorowa\u0107.<\/span><br \/><span style=\"color: #000000;\">Szukamy g\u0142\u0119boko. Nie tego, co modne, ale tego, co wali mi\u0119dzy oczy.<\/span><\/p><p align=\"left\"><span style=\"color: #000000;\"><i>Nie rzucamy pomys\u0142ami. Nadajemy im sens.<\/i><\/span><\/p><h4 align=\"left\"><span style=\"color: #000000;\"><strong>Raw Collaboration<\/strong><\/span><\/h4><p align=\"left\"><span style=\"color: #000000;\">Rami\u0119 w rami\u0119. Nie z g\u00f3ry na d\u00f3\u0142.<\/span><br \/><span style=\"color: #000000;\">Re\u017cyserzy, monta\u017cy\u015bci, producenci \u2014 jedna ekipa, jeden rytm.<\/span><br \/><span style=\"color: #000000;\">Bez ego. Z instynktem i zaufaniem.<\/span><\/p><p align=\"left\"><span style=\"color: #000000;\"><i>Nie chodzi o hierarchi\u0119. Tylko o chemi\u0119.<\/i><\/span><\/p><h4 align=\"left\"><span style=\"color: #000000;\"><strong>Controlled Chaos<\/strong><\/span><\/h4><p align=\"left\"><span style=\"color: #000000;\">Produkcja to ruch. Impet.<\/span><br \/><span style=\"color: #000000;\">Jeste\u015bmy wsz\u0119dzie na planie \u2014 raz z kamer\u0105, raz z kombinerkami.<\/span><br \/><span style=\"color: #000000;\">Wiemy, \u017ce dobre rzeczy dziej\u0105 si\u0119 w akcji, nie na rozpiskach.<\/span><\/p><p align=\"left\"><span style=\"color: #000000;\"><i>Stabilni, by lecie\u0107. Swobodni, by poruszy\u0107.<\/i><\/span><\/p><h4 align=\"left\"><span style=\"color: #000000;\"><strong>Bold Edit<\/strong><\/span><\/h4><p align=\"left\"><span style=\"color: #000000;\">Tniemy do sedna.<\/span><br \/><span style=\"color: #000000;\">Bez waty, bez zapychaczy, bez \u201ca mo\u017ce jeszcze jedna wersja\u201d. <\/span><br \/><span style=\"color: #000000;\">Monta\u017c to decyzja \u2013 nie kompromis.<\/span><\/p><p align=\"left\"><span style=\"color: #000000;\"><i>Ka\u017cda klatka ma sw\u00f3j sens.<\/i><\/span><\/p><h4 align=\"left\"><span style=\"color: #000000;\"><strong>Delivery With Teeth<\/strong><\/span><\/h4><p align=\"left\"><span style=\"color: #000000;\">\u201eFinal\u201d to u nas naprawd\u0119 fina\u0142 \u2014 nie \u201efinal_v2_final_OK\u201d.<\/span><br \/><span style=\"color: #000000;\">Dostarczamy z precyzj\u0105, timingiem i znaczeniem.<\/span><br \/><span style=\"color: #000000;\">Nie tylko domykamy projekty. Domykamy historie.<\/span><\/p><p align=\"left\"><span style=\"color: #000000;\"><i>Nie zwijamy produkcji. Stawiamy kropk\u0119.<\/i><\/span><\/p>\t\t\t\t\t\t\t\t<\/div>\n\t\t\t\t<\/div>\n\t\t\t\t<\/div>\n\t\t\t\t<\/div>\n\t\t\t\t<\/div>\n\t\t\t\t\t<\/div>\n\t\t\t\t<\/div>\n\t\t\t\t<\/div>\n\t\t","protected":false},"excerpt":{"rendered":"<p>Bold to nie styl. To spos\u00f3b dzia\u0142ania. Re\u017cyserujemy. Kr\u0119cimy. Montujemy.Od surowego pomys\u0142u do gotowego efektu \u2014 ogarniamy ca\u0142y proces albo wskakujemy tam, gdzie trzeba.Tak to u nas wygl\u0105da: Sharp Ideas Wszystko zaczyna si\u0119 od iskry \u2014chaotycznej my\u015bli, przeczucia, b\u0142ysku, kt\u00f3rego nie da si\u0119 zignorowa\u0107.Szukamy g\u0142\u0119boko. Nie tego, co modne, ale tego, co wali mi\u0119dzy oczy. [&hellip;]<\/p>\n","protected":false},"author":1,"featured_media":0,"parent":0,"menu_order":0,"comment_status":"closed","ping_status":"closed","template":"","meta":{"footnotes":""},"categories":[],"tags":[],"class_list":["post-120","page","type-page","status-publish","hentry"],"_links":{"self":[{"href":"https:\/\/boldcutcrew.com\/index.php\/wp-json\/wp\/v2\/pages\/120","targetHints":{"allow":["GET"]}}],"collection":[{"href":"https:\/\/boldcutcrew.com\/index.php\/wp-json\/wp\/v2\/pages"}],"about":[{"href":"https:\/\/boldcutcrew.com\/index.php\/wp-json\/wp\/v2\/types\/page"}],"author":[{"embeddable":true,"href":"https:\/\/boldcutcrew.com\/index.php\/wp-json\/wp\/v2\/users\/1"}],"replies":[{"embeddable":true,"href":"https:\/\/boldcutcrew.com\/index.php\/wp-json\/wp\/v2\/comments?post=120"}],"version-history":[{"count":25,"href":"https:\/\/boldcutcrew.com\/index.php\/wp-json\/wp\/v2\/pages\/120\/revisions"}],"predecessor-version":[{"id":845,"href":"https:\/\/boldcutcrew.com\/index.php\/wp-json\/wp\/v2\/pages\/120\/revisions\/845"}],"wp:attachment":[{"href":"https:\/\/boldcutcrew.com\/index.php\/wp-json\/wp\/v2\/media?parent=120"}],"wp:term":[{"taxonomy":"category","embeddable":true,"href":"https:\/\/boldcutcrew.com\/index.php\/wp-json\/wp\/v2\/categories?post=120"},{"taxonomy":"post_tag","embeddable":true,"href":"https:\/\/boldcutcrew.com\/index.php\/wp-json\/wp\/v2\/tags?post=120"}],"curies":[{"name":"wp","href":"https:\/\/api.w.org\/{rel}","templated":true}]}}