{"id":116,"date":"2025-05-16T17:33:12","date_gmt":"2025-05-16T15:33:12","guid":{"rendered":"https:\/\/boldcutcrew.com\/?page_id=116"},"modified":"2025-06-08T22:14:35","modified_gmt":"2025-06-08T20:14:35","slug":"manifest-2","status":"publish","type":"page","link":"https:\/\/boldcutcrew.com\/index.php\/pl\/manifest-2\/","title":{"rendered":"MANIFEST"},"content":{"rendered":"\t\t<div data-elementor-type=\"wp-page\" data-elementor-id=\"116\" class=\"elementor elementor-116\">\n\t\t\t\t<div class=\"elementor-element elementor-element-9f3814f e-flex e-con-boxed e-con e-parent\" data-id=\"9f3814f\" data-element_type=\"container\">\n\t\t\t\t\t<div class=\"e-con-inner\">\n\t\t\t\t<div class=\"elementor-element elementor-element-1f81cd3 elementor-widget elementor-widget-text-editor\" data-id=\"1f81cd3\" data-element_type=\"widget\" data-widget_type=\"text-editor.default\">\n\t\t\t\t<div class=\"elementor-widget-container\">\n\t\t\t\t\t\t\t\t\t<h3 style=\"text-align: center;\"><span style=\"color: #000000;\"><strong>bold \/b\u0259\u028ald\/ przymiotnik<\/strong><\/span><\/h3><p align=\"left\"><span style=\"color: #000000;\">[odwa\u017cniejszy ni\u017c wi\u0119kszo\u015b\u0107; bez l\u0119ku przed ryzykiem czy \u0142amaniem konwencji]<\/span><\/p><p align=\"left\"><span style=\"color: #000000;\">Tacy jeste\u015bmy.<\/span><br \/><span style=\"color: #000000;\">Dzia\u0142amy, gdy inni si\u0119 zastanawiaj\u0105.<\/span><br \/><span style=\"color: #000000;\">Wybieramy ostre ci\u0119cia zamiast bezpiecznych rozwi\u0105za\u0144.<\/span><br \/><span style=\"color: #000000;\">M\u00f3wimy wprost \u2014 i pokazujemy tak, \u017ceby wygl\u0105da\u0142o cholernie dobrze.<\/span><\/p><p align=\"left\"><span style=\"color: #000000;\">Nie czekamy na pozwolenie.<\/span><br \/><span style=\"color: #000000;\">Nie chowamy si\u0119 za szablonami.<\/span><br \/><span style=\"color: #000000;\">\u0141amiemy zasady \u2014 i piszemy je od nowa, po swojemu.<\/span><br \/><span style=\"color: #000000;\">Opowiadamy historie z precyzj\u0105, wyczuciem i charakterem.<\/span><\/p><p align=\"left\"><br \/><span style=\"color: #000000;\">Mamy wizj\u0119.<\/span><br \/><span style=\"color: #000000;\">Mamy sw\u00f3j g\u0142os.<\/span><br \/><span style=\"color: #000000;\">Tworzymy rzeczy, kt\u00f3re zostaj\u0105 \u2014 i nie ogl\u0105damy si\u0119 za siebie.<\/span><\/p><p align=\"left\"><span style=\"color: #000000;\">Nie jeste\u015bmy tu po to, \u017ceby by\u0142o grzecznie.<\/span><br \/><span style=\"color: #000000;\">Jeste\u015bmy tu, \u017ceby zostawi\u0107 \u015blad.<\/span><\/p><p align=\"left\"><span style=\"color: #000000;\"><b>Po mi\u0119dzynarodowemu: we get sh*t done.<\/b><\/span><\/p>\t\t\t\t\t\t\t\t<\/div>\n\t\t\t\t<\/div>\n\t\t\t\t\t<\/div>\n\t\t\t\t<\/div>\n\t\t\t\t<\/div>\n\t\t","protected":false},"excerpt":{"rendered":"<p>bold \/b\u0259\u028ald\/ przymiotnik [odwa\u017cniejszy ni\u017c wi\u0119kszo\u015b\u0107; bez l\u0119ku przed ryzykiem czy \u0142amaniem konwencji] Tacy jeste\u015bmy.Dzia\u0142amy, gdy inni si\u0119 zastanawiaj\u0105.Wybieramy ostre ci\u0119cia zamiast bezpiecznych rozwi\u0105za\u0144.M\u00f3wimy wprost \u2014 i pokazujemy tak, \u017ceby wygl\u0105da\u0142o cholernie dobrze. Nie czekamy na pozwolenie.Nie chowamy si\u0119 za szablonami.\u0141amiemy zasady \u2014 i piszemy je od nowa, po swojemu.Opowiadamy historie z precyzj\u0105, wyczuciem i [&hellip;]<\/p>\n","protected":false},"author":1,"featured_media":0,"parent":0,"menu_order":0,"comment_status":"closed","ping_status":"closed","template":"","meta":{"footnotes":""},"categories":[],"tags":[],"class_list":["post-116","page","type-page","status-publish","hentry"],"_links":{"self":[{"href":"https:\/\/boldcutcrew.com\/index.php\/wp-json\/wp\/v2\/pages\/116","targetHints":{"allow":["GET"]}}],"collection":[{"href":"https:\/\/boldcutcrew.com\/index.php\/wp-json\/wp\/v2\/pages"}],"about":[{"href":"https:\/\/boldcutcrew.com\/index.php\/wp-json\/wp\/v2\/types\/page"}],"author":[{"embeddable":true,"href":"https:\/\/boldcutcrew.com\/index.php\/wp-json\/wp\/v2\/users\/1"}],"replies":[{"embeddable":true,"href":"https:\/\/boldcutcrew.com\/index.php\/wp-json\/wp\/v2\/comments?post=116"}],"version-history":[{"count":7,"href":"https:\/\/boldcutcrew.com\/index.php\/wp-json\/wp\/v2\/pages\/116\/revisions"}],"predecessor-version":[{"id":884,"href":"https:\/\/boldcutcrew.com\/index.php\/wp-json\/wp\/v2\/pages\/116\/revisions\/884"}],"wp:attachment":[{"href":"https:\/\/boldcutcrew.com\/index.php\/wp-json\/wp\/v2\/media?parent=116"}],"wp:term":[{"taxonomy":"category","embeddable":true,"href":"https:\/\/boldcutcrew.com\/index.php\/wp-json\/wp\/v2\/categories?post=116"},{"taxonomy":"post_tag","embeddable":true,"href":"https:\/\/boldcutcrew.com\/index.php\/wp-json\/wp\/v2\/tags?post=116"}],"curies":[{"name":"wp","href":"https:\/\/api.w.org\/{rel}","templated":true}]}}